{"id":437,"date":"2025-12-05T08:53:18","date_gmt":"2025-12-05T07:53:18","guid":{"rendered":"https:\/\/annafradera.com\/anna-fradera\/"},"modified":"2026-02-03T10:05:33","modified_gmt":"2026-02-03T09:05:33","slug":"anna-fradera","status":"publish","type":"page","link":"https:\/\/annafradera.com\/en\/","title":{"rendered":"Anna Fradera"},"content":{"rendered":"\t\t<div data-elementor-type=\"wp-post\" data-elementor-id=\"437\" class=\"elementor elementor-437 elementor-7\" data-elementor-post-type=\"page\">\n\t\t\t\t<div class=\"elementor-element elementor-element-b498050 e-con-full e-flex e-con e-parent\" data-id=\"b498050\" data-element_type=\"container\" role=\"main\">\n\t\t\t\t<div class=\"elementor-element elementor-element-a7943fb elementor-grid-4 elementor-grid-tablet-2 elementor-grid-mobile-1 elementor-widget elementor-widget-loop-grid\" data-id=\"a7943fb\" data-element_type=\"widget\" data-settings=\"{&quot;template_id&quot;:505,&quot;columns&quot;:4,&quot;masonry&quot;:&quot;yes&quot;,&quot;row_gap&quot;:{&quot;unit&quot;:&quot;px&quot;,&quot;size&quot;:25,&quot;sizes&quot;:[]},&quot;_skin&quot;:&quot;post&quot;,&quot;columns_tablet&quot;:&quot;2&quot;,&quot;columns_mobile&quot;:&quot;1&quot;,&quot;edit_handle_selector&quot;:&quot;[data-elementor-type=\\&quot;loop-item\\&quot;]&quot;,&quot;row_gap_laptop&quot;:{&quot;unit&quot;:&quot;px&quot;,&quot;size&quot;:&quot;&quot;,&quot;sizes&quot;:[]},&quot;row_gap_tablet&quot;:{&quot;unit&quot;:&quot;px&quot;,&quot;size&quot;:&quot;&quot;,&quot;sizes&quot;:[]},&quot;row_gap_mobile&quot;:{&quot;unit&quot;:&quot;px&quot;,&quot;size&quot;:&quot;&quot;,&quot;sizes&quot;:[]}}\" data-widget_type=\"loop-grid.post\">\n\t\t\t\t<div class=\"elementor-widget-container\">\n\t\t\t\t\t\t\t<div class=\"elementor-loop-container elementor-grid\" role=\"list\">\n\t\t<style id=\"loop-505\">.elementor-505 .elementor-element.elementor-element-98a3bdd{--display:flex;--margin-top:0px;--margin-bottom:0px;--margin-left:0px;--margin-right:0px;--padding-top:0px;--padding-bottom:0px;--padding-left:0px;--padding-right:0px;}.elementor-widget-theme-post-featured-image .widget-image-caption{color:var( --e-global-color-text );font-family:var( --e-global-typography-text-font-family ), Sans-serif;font-size:var( --e-global-typography-text-font-size );font-weight:var( --e-global-typography-text-font-weight );}.elementor-505 .elementor-element.elementor-element-6ee9091 img{width:100%;max-width:450px;}@media(max-width:1400px){.elementor-widget-theme-post-featured-image .widget-image-caption{font-size:var( --e-global-typography-text-font-size );}.elementor-505 .elementor-element.elementor-element-6ee9091 img{width:100%;max-width:100%;}}@media(max-width:1024px){.elementor-widget-theme-post-featured-image .widget-image-caption{font-size:var( --e-global-typography-text-font-size );}.elementor-505 .elementor-element.elementor-element-6ee9091 img{max-width:100%;}}@media(max-width:767px){.elementor-widget-theme-post-featured-image .widget-image-caption{font-size:var( --e-global-typography-text-font-size );}.elementor-505 .elementor-element.elementor-element-6ee9091 img{max-width:100%;}}<\/style>\t\t<div data-elementor-type=\"loop-item\" data-elementor-id=\"505\" class=\"elementor elementor-505 elementor-418 e-loop-item e-loop-item-256 post-256 projecte type-projecte status-publish has-post-thumbnail hentry projectes_categoria-campanya\" data-elementor-post-type=\"elementor_library\" data-custom-edit-handle=\"1\">\n\t\t\t<div class=\"elementor-element elementor-element-98a3bdd e-flex e-con-boxed e-con e-parent\" data-id=\"98a3bdd\" data-element_type=\"container\" role=\"listitem\">\n\t\t\t\t\t<div class=\"e-con-inner\">\n\t\t\t\t<div class=\"elementor-element elementor-element-6ee9091 elementor-widget elementor-widget-theme-post-featured-image elementor-widget-image\" data-id=\"6ee9091\" data-element_type=\"widget\" data-widget_type=\"theme-post-featured-image.default\">\n\t\t\t\t<div class=\"elementor-widget-container\">\n\t\t\t\t\t\t\t\t\t\t\t\t\t\t\t\t<a href=\"https:\/\/annafradera.com\/en\/projecte\/v-jornades-de-traduccio-literaria\/\" aria-label=\"Veure projecte\">\n\t\t\t\t\t\t\t<img fetchpriority=\"high\" decoding=\"async\" width=\"450\" height=\"600\" src=\"https:\/\/annafradera.com\/wp-content\/uploads\/2025\/12\/proj3.png\" class=\"attachment-full size-full wp-image-257\" alt=\"\" srcset=\"https:\/\/annafradera.com\/wp-content\/uploads\/2025\/12\/proj3.png 450w, https:\/\/annafradera.com\/wp-content\/uploads\/2025\/12\/proj3-225x300.png 225w\" sizes=\"(max-width: 450px) 100vw, 450px\" \/>\t\t\t\t\t\t\t\t<\/a>\n\t\t\t\t\t\t\t\t\t\t\t\t\t\t\t<\/div>\n\t\t\t\t<\/div>\n\t\t\t\t\t<\/div>\n\t\t\t\t<\/div>\n\t\t\t\t<\/div>\n\t\t\t\t<div data-elementor-type=\"loop-item\" data-elementor-id=\"505\" class=\"elementor elementor-505 elementor-418 e-loop-item e-loop-item-477 post-477 projecte type-projecte status-publish has-post-thumbnail hentry projectes_categoria-personal\" data-elementor-post-type=\"elementor_library\" data-custom-edit-handle=\"1\">\n\t\t\t<div class=\"elementor-element elementor-element-98a3bdd e-flex e-con-boxed e-con e-parent\" data-id=\"98a3bdd\" data-element_type=\"container\" role=\"listitem\">\n\t\t\t\t\t<div class=\"e-con-inner\">\n\t\t\t\t<div class=\"elementor-element elementor-element-6ee9091 elementor-widget elementor-widget-theme-post-featured-image elementor-widget-image\" data-id=\"6ee9091\" data-element_type=\"widget\" data-widget_type=\"theme-post-featured-image.default\">\n\t\t\t\t<div class=\"elementor-widget-container\">\n\t\t\t\t\t\t\t\t\t\t\t\t\t\t\t\t<a href=\"https:\/\/annafradera.com\/en\/projecte\/pell-de-blau\/\" aria-label=\"Veure projecte\">\n\t\t\t\t\t\t\t<img decoding=\"async\" width=\"450\" height=\"600\" src=\"https:\/\/annafradera.com\/wp-content\/uploads\/2026\/01\/pelldeblau-00-portada.jpg\" class=\"attachment-full size-full wp-image-630\" alt=\"\" \/>\t\t\t\t\t\t\t\t<\/a>\n\t\t\t\t\t\t\t\t\t\t\t\t\t\t\t<\/div>\n\t\t\t\t<\/div>\n\t\t\t\t\t<\/div>\n\t\t\t\t<\/div>\n\t\t\t\t<\/div>\n\t\t\t\t<div data-elementor-type=\"loop-item\" data-elementor-id=\"505\" class=\"elementor elementor-505 elementor-418 e-loop-item e-loop-item-254 post-254 projecte type-projecte status-publish has-post-thumbnail hentry projectes_categoria-campanya projectes_categoria-illustracio\" data-elementor-post-type=\"elementor_library\" data-custom-edit-handle=\"1\">\n\t\t\t<div class=\"elementor-element elementor-element-98a3bdd e-flex e-con-boxed e-con e-parent\" data-id=\"98a3bdd\" data-element_type=\"container\" role=\"listitem\">\n\t\t\t\t\t<div class=\"e-con-inner\">\n\t\t\t\t<div class=\"elementor-element elementor-element-6ee9091 elementor-widget elementor-widget-theme-post-featured-image elementor-widget-image\" data-id=\"6ee9091\" data-element_type=\"widget\" data-widget_type=\"theme-post-featured-image.default\">\n\t\t\t\t<div class=\"elementor-widget-container\">\n\t\t\t\t\t\t\t\t\t\t\t\t\t\t\t\t<a href=\"https:\/\/annafradera.com\/en\/projecte\/parlem-de-salut-mental\/\" aria-label=\"Veure projecte\">\n\t\t\t\t\t\t\t<img decoding=\"async\" width=\"450\" height=\"600\" src=\"https:\/\/annafradera.com\/wp-content\/uploads\/2025\/12\/proj2.png\" class=\"attachment-full size-full wp-image-255\" alt=\"\" srcset=\"https:\/\/annafradera.com\/wp-content\/uploads\/2025\/12\/proj2.png 450w, https:\/\/annafradera.com\/wp-content\/uploads\/2025\/12\/proj2-225x300.png 225w\" sizes=\"(max-width: 450px) 100vw, 450px\" \/>\t\t\t\t\t\t\t\t<\/a>\n\t\t\t\t\t\t\t\t\t\t\t\t\t\t\t<\/div>\n\t\t\t\t<\/div>\n\t\t\t\t\t<\/div>\n\t\t\t\t<\/div>\n\t\t\t\t<\/div>\n\t\t\t\t<div data-elementor-type=\"loop-item\" data-elementor-id=\"505\" class=\"elementor elementor-505 elementor-418 e-loop-item e-loop-item-360 post-360 projecte type-projecte status-publish has-post-thumbnail hentry projectes_categoria-identitat-visual\" data-elementor-post-type=\"elementor_library\" data-custom-edit-handle=\"1\">\n\t\t\t<div class=\"elementor-element elementor-element-98a3bdd e-flex e-con-boxed e-con e-parent\" data-id=\"98a3bdd\" data-element_type=\"container\" role=\"listitem\">\n\t\t\t\t\t<div class=\"e-con-inner\">\n\t\t\t\t<div class=\"elementor-element elementor-element-6ee9091 elementor-widget elementor-widget-theme-post-featured-image elementor-widget-image\" data-id=\"6ee9091\" data-element_type=\"widget\" data-widget_type=\"theme-post-featured-image.default\">\n\t\t\t\t<div class=\"elementor-widget-container\">\n\t\t\t\t\t\t\t\t\t\t\t\t\t\t\t\t<a href=\"https:\/\/annafradera.com\/en\/projecte\/metronom-arquitectura\/\" aria-label=\"Veure projecte\">\n\t\t\t\t\t\t\t<img loading=\"lazy\" decoding=\"async\" width=\"450\" height=\"600\" src=\"https:\/\/annafradera.com\/wp-content\/uploads\/2026\/01\/metronom-00.jpg\" class=\"attachment-full size-full wp-image-440\" alt=\"\" \/>\t\t\t\t\t\t\t\t<\/a>\n\t\t\t\t\t\t\t\t\t\t\t\t\t\t\t<\/div>\n\t\t\t\t<\/div>\n\t\t\t\t\t<\/div>\n\t\t\t\t<\/div>\n\t\t\t\t<\/div>\n\t\t\t\t<div data-elementor-type=\"loop-item\" data-elementor-id=\"505\" class=\"elementor elementor-505 elementor-418 e-loop-item e-loop-item-361 post-361 projecte type-projecte status-publish has-post-thumbnail hentry projectes_categoria-identitat-visual\" data-elementor-post-type=\"elementor_library\" data-custom-edit-handle=\"1\">\n\t\t\t<div class=\"elementor-element elementor-element-98a3bdd e-flex e-con-boxed e-con e-parent\" data-id=\"98a3bdd\" data-element_type=\"container\" role=\"listitem\">\n\t\t\t\t\t<div class=\"e-con-inner\">\n\t\t\t\t<div class=\"elementor-element elementor-element-6ee9091 elementor-widget elementor-widget-theme-post-featured-image elementor-widget-image\" data-id=\"6ee9091\" data-element_type=\"widget\" data-widget_type=\"theme-post-featured-image.default\">\n\t\t\t\t<div class=\"elementor-widget-container\">\n\t\t\t\t\t\t\t\t\t\t\t\t\t\t\t\t<a href=\"https:\/\/annafradera.com\/en\/projecte\/mas-de-sant-marcell\/\" aria-label=\"Veure projecte\">\n\t\t\t\t\t\t\t<img loading=\"lazy\" decoding=\"async\" width=\"450\" height=\"600\" src=\"https:\/\/annafradera.com\/wp-content\/uploads\/2026\/01\/santmarcell-00.jpg\" class=\"attachment-full size-full wp-image-448\" alt=\"\" \/>\t\t\t\t\t\t\t\t<\/a>\n\t\t\t\t\t\t\t\t\t\t\t\t\t\t\t<\/div>\n\t\t\t\t<\/div>\n\t\t\t\t\t<\/div>\n\t\t\t\t<\/div>\n\t\t\t\t<\/div>\n\t\t\t\t<div data-elementor-type=\"loop-item\" data-elementor-id=\"505\" class=\"elementor elementor-505 elementor-418 e-loop-item e-loop-item-258 post-258 projecte type-projecte status-publish has-post-thumbnail hentry projectes_categoria-editorial\" data-elementor-post-type=\"elementor_library\" data-custom-edit-handle=\"1\">\n\t\t\t<div class=\"elementor-element elementor-element-98a3bdd e-flex e-con-boxed e-con e-parent\" data-id=\"98a3bdd\" data-element_type=\"container\" role=\"listitem\">\n\t\t\t\t\t<div class=\"e-con-inner\">\n\t\t\t\t<div class=\"elementor-element elementor-element-6ee9091 elementor-widget elementor-widget-theme-post-featured-image elementor-widget-image\" data-id=\"6ee9091\" data-element_type=\"widget\" data-widget_type=\"theme-post-featured-image.default\">\n\t\t\t\t<div class=\"elementor-widget-container\">\n\t\t\t\t\t\t\t\t\t\t\t\t\t\t\t\t<a href=\"https:\/\/annafradera.com\/en\/projecte\/je-maccuse-o-la-mort-de-lautor\/\" aria-label=\"Veure projecte\">\n\t\t\t\t\t\t\t<img loading=\"lazy\" decoding=\"async\" width=\"2560\" height=\"1780\" src=\"https:\/\/annafradera.com\/wp-content\/uploads\/2025\/12\/jemacuse-00-portada.gif\" class=\"attachment-full size-full wp-image-304\" alt=\"\" \/>\t\t\t\t\t\t\t\t<\/a>\n\t\t\t\t\t\t\t\t\t\t\t\t\t\t\t<\/div>\n\t\t\t\t<\/div>\n\t\t\t\t\t<\/div>\n\t\t\t\t<\/div>\n\t\t\t\t<\/div>\n\t\t\t\t<div data-elementor-type=\"loop-item\" data-elementor-id=\"505\" class=\"elementor elementor-505 elementor-418 e-loop-item e-loop-item-455 post-455 projecte type-projecte status-publish has-post-thumbnail hentry projectes_categoria-editorial\" data-elementor-post-type=\"elementor_library\" data-custom-edit-handle=\"1\">\n\t\t\t<div class=\"elementor-element elementor-element-98a3bdd e-flex e-con-boxed e-con e-parent\" data-id=\"98a3bdd\" data-element_type=\"container\" role=\"listitem\">\n\t\t\t\t\t<div class=\"e-con-inner\">\n\t\t\t\t<div class=\"elementor-element elementor-element-6ee9091 elementor-widget elementor-widget-theme-post-featured-image elementor-widget-image\" data-id=\"6ee9091\" data-element_type=\"widget\" data-widget_type=\"theme-post-featured-image.default\">\n\t\t\t\t<div class=\"elementor-widget-container\">\n\t\t\t\t\t\t\t\t\t\t\t\t\t\t\t\t<a href=\"https:\/\/annafradera.com\/en\/projecte\/el-quadern-on-per-fi-em-puc-expressar-sense-filtres\/\" aria-label=\"Veure projecte\">\n\t\t\t\t\t\t\t<img loading=\"lazy\" decoding=\"async\" width=\"450\" height=\"600\" src=\"https:\/\/annafradera.com\/wp-content\/uploads\/2026\/01\/postu1-00-portada.jpg\" class=\"attachment-full size-full wp-image-456\" alt=\"\" \/>\t\t\t\t\t\t\t\t<\/a>\n\t\t\t\t\t\t\t\t\t\t\t\t\t\t\t<\/div>\n\t\t\t\t<\/div>\n\t\t\t\t\t<\/div>\n\t\t\t\t<\/div>\n\t\t\t\t<\/div>\n\t\t\t\t<div data-elementor-type=\"loop-item\" data-elementor-id=\"505\" class=\"elementor elementor-505 elementor-418 e-loop-item e-loop-item-301 post-301 projecte type-projecte status-publish has-post-thumbnail hentry projectes_categoria-editorial\" data-elementor-post-type=\"elementor_library\" data-custom-edit-handle=\"1\">\n\t\t\t<div class=\"elementor-element elementor-element-98a3bdd e-flex e-con-boxed e-con e-parent\" data-id=\"98a3bdd\" data-element_type=\"container\" role=\"listitem\">\n\t\t\t\t\t<div class=\"e-con-inner\">\n\t\t\t\t<div class=\"elementor-element elementor-element-6ee9091 elementor-widget elementor-widget-theme-post-featured-image elementor-widget-image\" data-id=\"6ee9091\" data-element_type=\"widget\" data-widget_type=\"theme-post-featured-image.default\">\n\t\t\t\t<div class=\"elementor-widget-container\">\n\t\t\t\t\t\t\t\t\t\t\t\t\t\t\t\t<a href=\"https:\/\/annafradera.com\/en\/projecte\/article\/\" aria-label=\"Veure projecte\">\n\t\t\t\t\t\t\t<img loading=\"lazy\" decoding=\"async\" width=\"2520\" height=\"1890\" src=\"https:\/\/annafradera.com\/wp-content\/uploads\/2026\/01\/article-01.gif\" class=\"attachment-full size-full wp-image-303\" alt=\"\" \/>\t\t\t\t\t\t\t\t<\/a>\n\t\t\t\t\t\t\t\t\t\t\t\t\t\t\t<\/div>\n\t\t\t\t<\/div>\n\t\t\t\t\t<\/div>\n\t\t\t\t<\/div>\n\t\t\t\t<\/div>\n\t\t\t\t<\/div>\n\t\t\n\t\t\t\t\t\t<\/div>\n\t\t\t\t<\/div>\n\t\t\t\t<\/div>\n\t\t\t\t<\/div>\n\t\t","protected":false},"excerpt":{"rendered":"","protected":false},"author":1,"featured_media":0,"parent":0,"menu_order":0,"comment_status":"closed","ping_status":"closed","template":"","meta":{"_acf_changed":false,"footnotes":""},"class_list":["post-437","page","type-page","status-publish","hentry"],"acf":[],"yoast_head":"<!-- This site is optimized with the Yoast SEO Premium plugin v26.3 (Yoast SEO v26.9) - https:\/\/yoast.com\/product\/yoast-seo-premium-wordpress\/ -->\n<title>Anna Fradera - Anna Fradera - Disseny gr\u00e0fic<\/title>\n<meta name=\"description\" content=\"Dissenyadora gr\u00e0fica en Matar\u00f3, Identidad visual, Campa\u00f1a, Editorial, Packaging, Ilustraci\u00f3n. Coneix el meu treball.\" \/>\n<meta name=\"robots\" content=\"index, follow, max-snippet:-1, max-image-preview:large, max-video-preview:-1\" \/>\n<link rel=\"canonical\" href=\"https:\/\/annafradera.com\/en\/\" \/>\n<meta property=\"og:locale\" content=\"en_US\" \/>\n<meta property=\"og:type\" content=\"article\" \/>\n<meta property=\"og:title\" content=\"Anna Fradera\" \/>\n<meta property=\"og:description\" content=\"Dissenyadora gr\u00e0fica en Matar\u00f3, Identidad visual, Campa\u00f1a, Editorial, Packaging, Ilustraci\u00f3n. Coneix el meu treball.\" \/>\n<meta property=\"og:url\" content=\"https:\/\/annafradera.com\/en\/\" \/>\n<meta property=\"og:site_name\" content=\"Anna Fradera - Disseny gr\u00e0fic\" \/>\n<meta property=\"article:modified_time\" content=\"2026-02-03T09:05:33+00:00\" \/>\n<meta name=\"twitter:card\" content=\"summary_large_image\" \/>\n<script type=\"application\/ld+json\" class=\"yoast-schema-graph\">{\"@context\":\"https:\/\/schema.org\",\"@graph\":[{\"@type\":\"WebPage\",\"@id\":\"https:\/\/annafradera.com\/en\/\",\"url\":\"https:\/\/annafradera.com\/en\/\",\"name\":\"Anna Fradera - Anna Fradera - Disseny gr\u00e0fic\",\"isPartOf\":{\"@id\":\"https:\/\/annafradera.com\/en\/#website\"},\"datePublished\":\"2025-12-05T07:53:18+00:00\",\"dateModified\":\"2026-02-03T09:05:33+00:00\",\"description\":\"Dissenyadora gr\u00e0fica en Matar\u00f3, Identidad visual, Campa\u00f1a, Editorial, Packaging, Ilustraci\u00f3n. Coneix el meu treball.\",\"breadcrumb\":{\"@id\":\"https:\/\/annafradera.com\/en\/#breadcrumb\"},\"inLanguage\":\"en-US\",\"potentialAction\":[{\"@type\":\"ReadAction\",\"target\":[\"https:\/\/annafradera.com\/en\/\"]}]},{\"@type\":\"BreadcrumbList\",\"@id\":\"https:\/\/annafradera.com\/en\/#breadcrumb\",\"itemListElement\":[{\"@type\":\"ListItem\",\"position\":1,\"name\":\"Portada\",\"item\":\"https:\/\/annafradera.com\/en\/anna-fradera\/\"},{\"@type\":\"ListItem\",\"position\":2,\"name\":\"Anna Fradera\"}]},{\"@type\":\"WebSite\",\"@id\":\"https:\/\/annafradera.com\/en\/#website\",\"url\":\"https:\/\/annafradera.com\/en\/\",\"name\":\"Anna Fradera - Disseny gr\u00e0fic\",\"description\":\"\",\"publisher\":{\"@id\":\"https:\/\/annafradera.com\/en\/#organization\"},\"potentialAction\":[{\"@type\":\"SearchAction\",\"target\":{\"@type\":\"EntryPoint\",\"urlTemplate\":\"https:\/\/annafradera.com\/en\/?s={search_term_string}\"},\"query-input\":{\"@type\":\"PropertyValueSpecification\",\"valueRequired\":true,\"valueName\":\"search_term_string\"}}],\"inLanguage\":\"en-US\"},{\"@type\":\"Organization\",\"@id\":\"https:\/\/annafradera.com\/en\/#organization\",\"name\":\"Anna Fradera - Disseny gr\u00e0fic\",\"url\":\"https:\/\/annafradera.com\/en\/\",\"logo\":{\"@type\":\"ImageObject\",\"inLanguage\":\"en-US\",\"@id\":\"https:\/\/annafradera.com\/en\/#\/schema\/logo\/image\/\",\"url\":\"https:\/\/annafradera.com\/wp-content\/uploads\/2025\/12\/logoFooter.png\",\"contentUrl\":\"https:\/\/annafradera.com\/wp-content\/uploads\/2025\/12\/logoFooter.png\",\"width\":71,\"height\":72,\"caption\":\"Anna Fradera - Disseny gr\u00e0fic\"},\"image\":{\"@id\":\"https:\/\/annafradera.com\/en\/#\/schema\/logo\/image\/\"}}]}<\/script>\n<!-- \/ Yoast SEO Premium plugin. -->","yoast_head_json":{"title":"Anna Fradera - Anna Fradera - Disseny gr\u00e0fic","description":"Dissenyadora gr\u00e0fica en Matar\u00f3, Identidad visual, Campa\u00f1a, Editorial, Packaging, Ilustraci\u00f3n. Coneix el meu treball.","robots":{"index":"index","follow":"follow","max-snippet":"max-snippet:-1","max-image-preview":"max-image-preview:large","max-video-preview":"max-video-preview:-1"},"canonical":"https:\/\/annafradera.com\/en\/","og_locale":"en_US","og_type":"article","og_title":"Anna Fradera","og_description":"Dissenyadora gr\u00e0fica en Matar\u00f3, Identidad visual, Campa\u00f1a, Editorial, Packaging, Ilustraci\u00f3n. Coneix el meu treball.","og_url":"https:\/\/annafradera.com\/en\/","og_site_name":"Anna Fradera - Disseny gr\u00e0fic","article_modified_time":"2026-02-03T09:05:33+00:00","twitter_card":"summary_large_image","schema":{"@context":"https:\/\/schema.org","@graph":[{"@type":"WebPage","@id":"https:\/\/annafradera.com\/en\/","url":"https:\/\/annafradera.com\/en\/","name":"Anna Fradera - Anna Fradera - Disseny gr\u00e0fic","isPartOf":{"@id":"https:\/\/annafradera.com\/en\/#website"},"datePublished":"2025-12-05T07:53:18+00:00","dateModified":"2026-02-03T09:05:33+00:00","description":"Dissenyadora gr\u00e0fica en Matar\u00f3, Identidad visual, Campa\u00f1a, Editorial, Packaging, Ilustraci\u00f3n. Coneix el meu treball.","breadcrumb":{"@id":"https:\/\/annafradera.com\/en\/#breadcrumb"},"inLanguage":"en-US","potentialAction":[{"@type":"ReadAction","target":["https:\/\/annafradera.com\/en\/"]}]},{"@type":"BreadcrumbList","@id":"https:\/\/annafradera.com\/en\/#breadcrumb","itemListElement":[{"@type":"ListItem","position":1,"name":"Portada","item":"https:\/\/annafradera.com\/en\/anna-fradera\/"},{"@type":"ListItem","position":2,"name":"Anna Fradera"}]},{"@type":"WebSite","@id":"https:\/\/annafradera.com\/en\/#website","url":"https:\/\/annafradera.com\/en\/","name":"Anna Fradera - Disseny gr\u00e0fic","description":"","publisher":{"@id":"https:\/\/annafradera.com\/en\/#organization"},"potentialAction":[{"@type":"SearchAction","target":{"@type":"EntryPoint","urlTemplate":"https:\/\/annafradera.com\/en\/?s={search_term_string}"},"query-input":{"@type":"PropertyValueSpecification","valueRequired":true,"valueName":"search_term_string"}}],"inLanguage":"en-US"},{"@type":"Organization","@id":"https:\/\/annafradera.com\/en\/#organization","name":"Anna Fradera - Disseny gr\u00e0fic","url":"https:\/\/annafradera.com\/en\/","logo":{"@type":"ImageObject","inLanguage":"en-US","@id":"https:\/\/annafradera.com\/en\/#\/schema\/logo\/image\/","url":"https:\/\/annafradera.com\/wp-content\/uploads\/2025\/12\/logoFooter.png","contentUrl":"https:\/\/annafradera.com\/wp-content\/uploads\/2025\/12\/logoFooter.png","width":71,"height":72,"caption":"Anna Fradera - Disseny gr\u00e0fic"},"image":{"@id":"https:\/\/annafradera.com\/en\/#\/schema\/logo\/image\/"}}]}},"_links":{"self":[{"href":"https:\/\/annafradera.com\/en\/wp-json\/wp\/v2\/pages\/437","targetHints":{"allow":["GET"]}}],"collection":[{"href":"https:\/\/annafradera.com\/en\/wp-json\/wp\/v2\/pages"}],"about":[{"href":"https:\/\/annafradera.com\/en\/wp-json\/wp\/v2\/types\/page"}],"author":[{"embeddable":true,"href":"https:\/\/annafradera.com\/en\/wp-json\/wp\/v2\/users\/1"}],"replies":[{"embeddable":true,"href":"https:\/\/annafradera.com\/en\/wp-json\/wp\/v2\/comments?post=437"}],"version-history":[{"count":5,"href":"https:\/\/annafradera.com\/en\/wp-json\/wp\/v2\/pages\/437\/revisions"}],"predecessor-version":[{"id":711,"href":"https:\/\/annafradera.com\/en\/wp-json\/wp\/v2\/pages\/437\/revisions\/711"}],"wp:attachment":[{"href":"https:\/\/annafradera.com\/en\/wp-json\/wp\/v2\/media?parent=437"}],"curies":[{"name":"wp","href":"https:\/\/api.w.org\/{rel}","templated":true}]}}